{"id":1323,"date":"2021-02-05T16:19:18","date_gmt":"2021-02-05T21:19:18","guid":{"rendered":"https:\/\/enqueteslrg.com\/?page_id=1323"},"modified":"2024-06-12T06:34:27","modified_gmt":"2024-06-12T11:34:27","slug":"our-team","status":"publish","type":"page","link":"https:\/\/enqueteslrg.com\/en\/our-team\/","title":{"rendered":"Our team"},"content":{"rendered":"\t\t<div data-elementor-type=\"wp-page\" data-elementor-id=\"1323\" class=\"elementor elementor-1323 elementor-1308\">\n\t\t\t\t\t\t<section class=\"elementor-section elementor-top-section elementor-element elementor-element-d07d901 elementor-section-height-min-height elementor-section-boxed elementor-section-height-default elementor-section-items-middle\" data-id=\"d07d901\" data-element_type=\"section\" data-settings=\"{&quot;jet_parallax_layout_list&quot;:[{&quot;jet_parallax_layout_image&quot;:{&quot;url&quot;:&quot;&quot;,&quot;id&quot;:&quot;&quot;,&quot;size&quot;:&quot;&quot;},&quot;_id&quot;:&quot;aecd2c4&quot;,&quot;jet_parallax_layout_image_tablet&quot;:{&quot;url&quot;:&quot;&quot;,&quot;id&quot;:&quot;&quot;,&quot;size&quot;:&quot;&quot;},&quot;jet_parallax_layout_image_mobile&quot;:{&quot;url&quot;:&quot;&quot;,&quot;id&quot;:&quot;&quot;,&quot;size&quot;:&quot;&quot;},&quot;jet_parallax_layout_speed&quot;:{&quot;unit&quot;:&quot;%&quot;,&quot;size&quot;:50,&quot;sizes&quot;:[]},&quot;jet_parallax_layout_type&quot;:&quot;scroll&quot;,&quot;jet_parallax_layout_direction&quot;:null,&quot;jet_parallax_layout_fx_direction&quot;:null,&quot;jet_parallax_layout_z_index&quot;:&quot;&quot;,&quot;jet_parallax_layout_bg_x&quot;:50,&quot;jet_parallax_layout_bg_x_tablet&quot;:&quot;&quot;,&quot;jet_parallax_layout_bg_x_mobile&quot;:&quot;&quot;,&quot;jet_parallax_layout_bg_y&quot;:50,&quot;jet_parallax_layout_bg_y_tablet&quot;:&quot;&quot;,&quot;jet_parallax_layout_bg_y_mobile&quot;:&quot;&quot;,&quot;jet_parallax_layout_bg_size&quot;:&quot;auto&quot;,&quot;jet_parallax_layout_bg_size_tablet&quot;:&quot;&quot;,&quot;jet_parallax_layout_bg_size_mobile&quot;:&quot;&quot;,&quot;jet_parallax_layout_animation_prop&quot;:&quot;transform&quot;,&quot;jet_parallax_layout_on&quot;:[&quot;desktop&quot;,&quot;tablet&quot;]}],&quot;background_background&quot;:&quot;classic&quot;}\">\n\t\t\t\t\t\t\t<div class=\"elementor-background-overlay\"><\/div>\n\t\t\t\t\t\t\t<div class=\"elementor-container elementor-column-gap-default\">\n\t\t\t\t\t<div class=\"elementor-column elementor-col-33 elementor-top-column elementor-element elementor-element-2a896e3\" data-id=\"2a896e3\" data-element_type=\"column\">\n\t\t\t<div class=\"elementor-widget-wrap\">\n\t\t\t\t\t\t\t<\/div>\n\t\t<\/div>\n\t\t\t\t<div class=\"elementor-column elementor-col-33 elementor-top-column elementor-element elementor-element-4e5d7fa\" data-id=\"4e5d7fa\" data-element_type=\"column\">\n\t\t\t<div class=\"elementor-widget-wrap elementor-element-populated\">\n\t\t\t\t\t\t<div class=\"elementor-element elementor-element-81e0f98 elementor-widget elementor-widget-heading\" data-id=\"81e0f98\" data-element_type=\"widget\" data-widget_type=\"heading.default\">\n\t\t\t\t<div class=\"elementor-widget-container\">\n\t\t\t<h1 class=\"elementor-heading-title elementor-size-default\">Our team<\/h1>\t\t<\/div>\n\t\t\t\t<\/div>\n\t\t\t\t\t<\/div>\n\t\t<\/div>\n\t\t\t\t<div class=\"elementor-column elementor-col-33 elementor-top-column elementor-element elementor-element-647b6dc\" data-id=\"647b6dc\" data-element_type=\"column\">\n\t\t\t<div class=\"elementor-widget-wrap\">\n\t\t\t\t\t\t\t<\/div>\n\t\t<\/div>\n\t\t\t\t\t<\/div>\n\t\t<\/section>\n\t\t\t\t<section class=\"elementor-section elementor-top-section elementor-element elementor-element-a207667 elementor-section-boxed elementor-section-height-default elementor-section-height-default\" data-id=\"a207667\" data-element_type=\"section\" data-settings=\"{&quot;jet_parallax_layout_list&quot;:[{&quot;jet_parallax_layout_image&quot;:{&quot;url&quot;:&quot;&quot;,&quot;id&quot;:&quot;&quot;,&quot;size&quot;:&quot;&quot;},&quot;_id&quot;:&quot;1c5d3dd&quot;,&quot;jet_parallax_layout_image_tablet&quot;:{&quot;url&quot;:&quot;&quot;,&quot;id&quot;:&quot;&quot;,&quot;size&quot;:&quot;&quot;},&quot;jet_parallax_layout_image_mobile&quot;:{&quot;url&quot;:&quot;&quot;,&quot;id&quot;:&quot;&quot;,&quot;size&quot;:&quot;&quot;},&quot;jet_parallax_layout_speed&quot;:{&quot;unit&quot;:&quot;%&quot;,&quot;size&quot;:50,&quot;sizes&quot;:[]},&quot;jet_parallax_layout_type&quot;:&quot;scroll&quot;,&quot;jet_parallax_layout_direction&quot;:null,&quot;jet_parallax_layout_fx_direction&quot;:null,&quot;jet_parallax_layout_z_index&quot;:&quot;&quot;,&quot;jet_parallax_layout_bg_x&quot;:50,&quot;jet_parallax_layout_bg_x_tablet&quot;:&quot;&quot;,&quot;jet_parallax_layout_bg_x_mobile&quot;:&quot;&quot;,&quot;jet_parallax_layout_bg_y&quot;:50,&quot;jet_parallax_layout_bg_y_tablet&quot;:&quot;&quot;,&quot;jet_parallax_layout_bg_y_mobile&quot;:&quot;&quot;,&quot;jet_parallax_layout_bg_size&quot;:&quot;auto&quot;,&quot;jet_parallax_layout_bg_size_tablet&quot;:&quot;&quot;,&quot;jet_parallax_layout_bg_size_mobile&quot;:&quot;&quot;,&quot;jet_parallax_layout_animation_prop&quot;:&quot;transform&quot;,&quot;jet_parallax_layout_on&quot;:[&quot;desktop&quot;,&quot;tablet&quot;]}],&quot;background_background&quot;:&quot;classic&quot;}\">\n\t\t\t\t\t\t<div class=\"elementor-container elementor-column-gap-default\">\n\t\t\t\t\t<div class=\"elementor-column elementor-col-100 elementor-top-column elementor-element elementor-element-a1271e6\" data-id=\"a1271e6\" data-element_type=\"column\">\n\t\t\t<div class=\"elementor-widget-wrap elementor-element-populated\">\n\t\t\t\t\t\t<div class=\"elementor-element elementor-element-05c4b27 elementor-widget elementor-widget-text-editor\" data-id=\"05c4b27\" data-element_type=\"widget\" data-widget_type=\"text-editor.default\">\n\t\t\t\t<div class=\"elementor-widget-container\">\n\t\t\t\t\t\t\t<p>We offer you an outstanding and passionate team of investigators. Having joined our ranks following successful careers with the S\u00fbret\u00e9 du Quebec, the Royal Canadian Mounted Police or various municipal police forces, our investigators have a significant experience. At the end of their police career, they chose to pursue their passion in the ranks of Enqu\u00eates LRG. In administrative, civil or criminal investigative cases, these experienced investigators combine a professional and humane approach.<\/p><p>All of our investigators are licensed by the <a href=\"https:\/\/www.bspquebec.ca\/fr\" target=\"_blank\" rel=\"noopener\">Bureau de la s\u00e9curit\u00e9 priv\u00e9e du Qu\u00e9bec<\/a>. (BSP)<\/p>\t\t\t\t\t\t<\/div>\n\t\t\t\t<\/div>\n\t\t\t\t\t<\/div>\n\t\t<\/div>\n\t\t\t\t\t<\/div>\n\t\t<\/section>\n\t\t\t\t<\/div>\n\t\t","protected":false},"excerpt":{"rendered":"<p>Our team We offer you an outstanding and passionate team of investigators. Having joined our ranks following successful careers with the S\u00fbret\u00e9 du Quebec, the Royal Canadian Mounted Police or various municipal police forces, our investigators have a significant experience. At the end of their police career, they chose to pursue their passion in the [&hellip;]<\/p>\n","protected":false},"author":1,"featured_media":0,"parent":0,"menu_order":0,"comment_status":"closed","ping_status":"closed","template":"full-width.php","meta":{"_acf_changed":false,"footnotes":""},"acf":[],"yoast_head":"<!-- This site is optimized with the Yoast SEO plugin v23.5 - https:\/\/yoast.com\/wordpress\/plugins\/seo\/ -->\n<title>Our team - Enqu\u00eates LRG inc.<\/title>\n<meta name=\"robots\" content=\"index, follow, max-snippet:-1, max-image-preview:large, max-video-preview:-1\" \/>\n<link rel=\"canonical\" href=\"https:\/\/enqueteslrg.com\/en\/our-team\/\" \/>\n<meta property=\"og:locale\" content=\"en_US\" \/>\n<meta property=\"og:type\" content=\"article\" \/>\n<meta property=\"og:title\" content=\"Our team - Enqu\u00eates LRG inc.\" \/>\n<meta property=\"og:description\" content=\"Our team We offer you an outstanding and passionate team of investigators. Having joined our ranks following successful careers with the S\u00fbret\u00e9 du Quebec, the Royal Canadian Mounted Police or various municipal police forces, our investigators have a significant experience. At the end of their police career, they chose to pursue their passion in the [&hellip;]\" \/>\n<meta property=\"og:url\" content=\"https:\/\/enqueteslrg.com\/en\/our-team\/\" \/>\n<meta property=\"og:site_name\" content=\"Enqu\u00eates LRG inc.\" \/>\n<meta property=\"article:publisher\" content=\"https:\/\/www.facebook.com\/enqueteslrg\" \/>\n<meta property=\"article:modified_time\" content=\"2024-06-12T11:34:27+00:00\" \/>\n<meta name=\"twitter:card\" content=\"summary_large_image\" \/>\n<meta name=\"twitter:label1\" content=\"Est. reading time\" \/>\n\t<meta name=\"twitter:data1\" content=\"1 minute\" \/>\n<script type=\"application\/ld+json\" class=\"yoast-schema-graph\">{\"@context\":\"https:\/\/schema.org\",\"@graph\":[{\"@type\":\"WebPage\",\"@id\":\"https:\/\/enqueteslrg.com\/en\/our-team\/\",\"url\":\"https:\/\/enqueteslrg.com\/en\/our-team\/\",\"name\":\"Our team - Enqu\u00eates LRG inc.\",\"isPartOf\":{\"@id\":\"https:\/\/enqueteslrg.com\/#website\"},\"datePublished\":\"2021-02-05T21:19:18+00:00\",\"dateModified\":\"2024-06-12T11:34:27+00:00\",\"breadcrumb\":{\"@id\":\"https:\/\/enqueteslrg.com\/en\/our-team\/#breadcrumb\"},\"inLanguage\":\"en-US\",\"potentialAction\":[{\"@type\":\"ReadAction\",\"target\":[\"https:\/\/enqueteslrg.com\/en\/our-team\/\"]}]},{\"@type\":\"BreadcrumbList\",\"@id\":\"https:\/\/enqueteslrg.com\/en\/our-team\/#breadcrumb\",\"itemListElement\":[{\"@type\":\"ListItem\",\"position\":1,\"name\":\"Accueil\",\"item\":\"https:\/\/enqueteslrg.com\/en\/\"},{\"@type\":\"ListItem\",\"position\":2,\"name\":\"Our team\"}]},{\"@type\":\"WebSite\",\"@id\":\"https:\/\/enqueteslrg.com\/#website\",\"url\":\"https:\/\/enqueteslrg.com\/\",\"name\":\"Enqu\u00eates LRG inc.\",\"description\":\"Services d\u2019enqu\u00eate\",\"publisher\":{\"@id\":\"https:\/\/enqueteslrg.com\/#organization\"},\"potentialAction\":[{\"@type\":\"SearchAction\",\"target\":{\"@type\":\"EntryPoint\",\"urlTemplate\":\"https:\/\/enqueteslrg.com\/?s={search_term_string}\"},\"query-input\":{\"@type\":\"PropertyValueSpecification\",\"valueRequired\":true,\"valueName\":\"search_term_string\"}}],\"inLanguage\":\"en-US\"},{\"@type\":\"Organization\",\"@id\":\"https:\/\/enqueteslrg.com\/#organization\",\"name\":\"Enqu\u00eates LRG inc.\",\"url\":\"https:\/\/enqueteslrg.com\/\",\"logo\":{\"@type\":\"ImageObject\",\"inLanguage\":\"en-US\",\"@id\":\"https:\/\/enqueteslrg.com\/#\/schema\/logo\/image\/\",\"url\":\"\",\"contentUrl\":\"\",\"caption\":\"Enqu\u00eates LRG inc.\"},\"image\":{\"@id\":\"https:\/\/enqueteslrg.com\/#\/schema\/logo\/image\/\"},\"sameAs\":[\"https:\/\/www.facebook.com\/enqueteslrg\",\"https:\/\/www.linkedin.com\/company\/enquetes-lrg\"]}]}<\/script>\n<!-- \/ Yoast SEO plugin. -->","yoast_head_json":{"title":"Our team - Enqu\u00eates LRG inc.","robots":{"index":"index","follow":"follow","max-snippet":"max-snippet:-1","max-image-preview":"max-image-preview:large","max-video-preview":"max-video-preview:-1"},"canonical":"https:\/\/enqueteslrg.com\/en\/our-team\/","og_locale":"en_US","og_type":"article","og_title":"Our team - Enqu\u00eates LRG inc.","og_description":"Our team We offer you an outstanding and passionate team of investigators. Having joined our ranks following successful careers with the S\u00fbret\u00e9 du Quebec, the Royal Canadian Mounted Police or various municipal police forces, our investigators have a significant experience. At the end of their police career, they chose to pursue their passion in the [&hellip;]","og_url":"https:\/\/enqueteslrg.com\/en\/our-team\/","og_site_name":"Enqu\u00eates LRG inc.","article_publisher":"https:\/\/www.facebook.com\/enqueteslrg","article_modified_time":"2024-06-12T11:34:27+00:00","twitter_card":"summary_large_image","twitter_misc":{"Est. reading time":"1 minute"},"schema":{"@context":"https:\/\/schema.org","@graph":[{"@type":"WebPage","@id":"https:\/\/enqueteslrg.com\/en\/our-team\/","url":"https:\/\/enqueteslrg.com\/en\/our-team\/","name":"Our team - Enqu\u00eates LRG inc.","isPartOf":{"@id":"https:\/\/enqueteslrg.com\/#website"},"datePublished":"2021-02-05T21:19:18+00:00","dateModified":"2024-06-12T11:34:27+00:00","breadcrumb":{"@id":"https:\/\/enqueteslrg.com\/en\/our-team\/#breadcrumb"},"inLanguage":"en-US","potentialAction":[{"@type":"ReadAction","target":["https:\/\/enqueteslrg.com\/en\/our-team\/"]}]},{"@type":"BreadcrumbList","@id":"https:\/\/enqueteslrg.com\/en\/our-team\/#breadcrumb","itemListElement":[{"@type":"ListItem","position":1,"name":"Accueil","item":"https:\/\/enqueteslrg.com\/en\/"},{"@type":"ListItem","position":2,"name":"Our team"}]},{"@type":"WebSite","@id":"https:\/\/enqueteslrg.com\/#website","url":"https:\/\/enqueteslrg.com\/","name":"Enqu\u00eates LRG inc.","description":"Services d\u2019enqu\u00eate","publisher":{"@id":"https:\/\/enqueteslrg.com\/#organization"},"potentialAction":[{"@type":"SearchAction","target":{"@type":"EntryPoint","urlTemplate":"https:\/\/enqueteslrg.com\/?s={search_term_string}"},"query-input":{"@type":"PropertyValueSpecification","valueRequired":true,"valueName":"search_term_string"}}],"inLanguage":"en-US"},{"@type":"Organization","@id":"https:\/\/enqueteslrg.com\/#organization","name":"Enqu\u00eates LRG inc.","url":"https:\/\/enqueteslrg.com\/","logo":{"@type":"ImageObject","inLanguage":"en-US","@id":"https:\/\/enqueteslrg.com\/#\/schema\/logo\/image\/","url":"","contentUrl":"","caption":"Enqu\u00eates LRG inc."},"image":{"@id":"https:\/\/enqueteslrg.com\/#\/schema\/logo\/image\/"},"sameAs":["https:\/\/www.facebook.com\/enqueteslrg","https:\/\/www.linkedin.com\/company\/enquetes-lrg"]}]}},"_links":{"self":[{"href":"https:\/\/enqueteslrg.com\/en\/wp-json\/wp\/v2\/pages\/1323"}],"collection":[{"href":"https:\/\/enqueteslrg.com\/en\/wp-json\/wp\/v2\/pages"}],"about":[{"href":"https:\/\/enqueteslrg.com\/en\/wp-json\/wp\/v2\/types\/page"}],"author":[{"embeddable":true,"href":"https:\/\/enqueteslrg.com\/en\/wp-json\/wp\/v2\/users\/1"}],"replies":[{"embeddable":true,"href":"https:\/\/enqueteslrg.com\/en\/wp-json\/wp\/v2\/comments?post=1323"}],"version-history":[{"count":26,"href":"https:\/\/enqueteslrg.com\/en\/wp-json\/wp\/v2\/pages\/1323\/revisions"}],"predecessor-version":[{"id":2697,"href":"https:\/\/enqueteslrg.com\/en\/wp-json\/wp\/v2\/pages\/1323\/revisions\/2697"}],"wp:attachment":[{"href":"https:\/\/enqueteslrg.com\/en\/wp-json\/wp\/v2\/media?parent=1323"}],"curies":[{"name":"wp","href":"https:\/\/api.w.org\/{rel}","templated":true}]}}